{"id":9340,"date":"2024-01-26T14:10:13","date_gmt":"2024-01-26T13:10:13","guid":{"rendered":"https:\/\/biogas-hochreiter.de\/conditions-generales-de-vente\/"},"modified":"2026-03-06T18:28:54","modified_gmt":"2026-03-06T17:28:54","slug":"conditions-generales-de-vente","status":"publish","type":"page","link":"https:\/\/biogas-hochreiter.de\/fr\/conditions-generales-de-vente\/","title":{"rendered":"CGV"},"content":{"rendered":"<div class=\"fusion-fullwidth fullwidth-box fusion-builder-row-1 fusion-flex-container has-pattern-background has-mask-background nonhundred-percent-fullwidth non-hundred-percent-height-scrolling\" style=\"--link_hover_color: var(--awb-color1);--link_color: var(--awb-color1);--awb-border-radius-top-left:0px;--awb-border-radius-top-right:0px;--awb-border-radius-bottom-right:0px;--awb-border-radius-bottom-left:0px;--awb-margin-top:80px;--awb-margin-bottom:80px;--awb-flex-wrap:wrap;\" ><div class=\"fusion-builder-row fusion-row fusion-flex-align-items-flex-start fusion-flex-content-wrap\" style=\"max-width:1248px;margin-left: calc(-4% \/ 2 );margin-right: calc(-4% \/ 2 );\"><div class=\"fusion-layout-column fusion_builder_column fusion-builder-column-0 fusion_builder_column_1_1 1_1 fusion-flex-column\" style=\"--awb-bg-size:cover;--awb-width-large:100%;--awb-margin-top-large:0px;--awb-spacing-right-large:1.92%;--awb-margin-bottom-large:20px;--awb-spacing-left-large:1.92%;--awb-width-medium:100%;--awb-order-medium:0;--awb-spacing-right-medium:1.92%;--awb-spacing-left-medium:1.92%;--awb-width-small:100%;--awb-order-small:0;--awb-spacing-right-small:1.92%;--awb-spacing-left-small:1.92%;\" data-scroll-devices=\"small-visibility,medium-visibility,large-visibility\"><div class=\"fusion-column-wrapper fusion-column-has-shadow fusion-flex-justify-content-flex-start fusion-content-layout-column\"><div class=\"fusion-title title fusion-title-1 fusion-sep-none fusion-title-center fusion-title-text fusion-title-size-two\" style=\"--awb-margin-top-small:10px;--awb-margin-right-small:0px;--awb-margin-bottom-small:10px;--awb-margin-left-small:0px;\"><h2 class=\"fusion-title-heading title-heading-center fusion-responsive-typography-calculated\" style=\"margin:0;--fontSize:40;line-height:var(--awb-typography1-line-height);\">Conditions g\u00e9n\u00e9rales de vente (CGV)<\/h2><\/div><div class=\"fusion-title title fusion-title-2 fusion-sep-none fusion-title-center fusion-title-text fusion-title-size-four\" style=\"--awb-margin-bottom:40px;--awb-margin-top-small:10px;--awb-margin-right-small:0px;--awb-margin-bottom-small:10px;--awb-margin-left-small:0px;\"><h4 class=\"fusion-title-heading title-heading-center fusion-responsive-typography-calculated\" style=\"margin:0;--fontSize:28;line-height:var(--awb-typography1-line-height);\">Vous pouvez t\u00e9l\u00e9charger nos conditions g\u00e9n\u00e9rales de vente au format PDF.<\/h4><\/div><table id=\"dlp_3573eaf94b1cdad3_1\" class=\"posts-data-table\" width=\"100%\" data-config=\"{&quot;pageLength&quot;:-1,&quot;pagingType&quot;:&quot;numbers&quot;,&quot;serverSide&quot;:true,&quot;autoWidth&quot;:true,&quot;clickFilter&quot;:&quot;&quot;,&quot;stickyHeader&quot;:false,&quot;scrollOffset&quot;:15,&quot;resetButton&quot;:false,&quot;numOrder&quot;:false,&quot;lengthMenu&quot;:[[10,25,50,100,-1],[10,25,50,100,&quot;All&quot;]],&quot;columnDefs&quot;:[{&quot;className&quot;:&quot;col-title&quot;,&quot;targets&quot;:0,&quot;type&quot;:&quot;html&quot;},{&quot;className&quot;:&quot;col-content&quot;,&quot;targets&quot;:1,&quot;type&quot;:&quot;html&quot;},{&quot;className&quot;:&quot;col-link&quot;,&quot;targets&quot;:2,&quot;type&quot;:&quot;html&quot;},{&quot;className&quot;:&quot;col-image&quot;,&quot;targets&quot;:3,&quot;type&quot;:&quot;html&quot;}],&quot;responsive&quot;:{&quot;details&quot;:{&quot;display&quot;:&quot;child_row&quot;}},&quot;language&quot;:{&quot;info&quot;:&quot;_TOTAL_ documents&quot;,&quot;infoEmpty&quot;:&quot;0 documents&quot;,&quot;emptyTable&quot;:&quot;Aucun documents correspondant.&quot;,&quot;zeroRecords&quot;:&quot;Aucun documents correspondant.&quot;,&quot;totalsSingle&quot;:&quot;document&quot;,&quot;totalsPlural&quot;:&quot;documents&quot;},&quot;dom&quot;:&quot;&lt;\\&quot;posts-table-wrapper avada\\&quot;&lt;\\&quot;posts-table-above posts-table-controls\\&quot;&gt;t&lt;\\&quot;posts-table-below posts-table-controls\\&quot;l&gt;&gt;&quot;,&quot;multiDownloadButton&quot;:false,&quot;multiDownloadPosition&quot;:&quot;above&quot;,&quot;multiDownloadText&quot;:&quot;Download Selected Documents&quot;}\" data-filters=\"false\" data-order=\"[]\"><thead><tr><th class=\"all\" data-name=\"title\" data-orderable=\"true\" data-searchable=\"true\" data-priority=\"1\" data-data=\"title\"> document<\/th><th data-name=\"content\" data-orderable=\"false\" data-searchable=\"true\" data-priority=\"8\" data-data=\"content\"> description<\/th><th data-name=\"link\" data-orderable=\"false\" data-searchable=\"false\" data-priority=\"10\" data-data=\"link\">Lien<\/th><th data-name=\"image\" data-orderable=\"false\" data-searchable=\"false\" data-priority=\"2\" data-data=\"image\"> aper\u00e7u<\/th><\/tr><\/thead><\/table><\/div><\/div><\/div><\/div>\n","protected":false},"excerpt":{"rendered":"","protected":false},"author":5,"featured_media":0,"parent":0,"menu_order":90,"comment_status":"closed","ping_status":"closed","template":"100-width.php","meta":{"footnotes":""},"class_list":["post-9340","page","type-page","status-publish","hentry"],"_links":{"self":[{"href":"https:\/\/biogas-hochreiter.de\/fr\/wp-json\/wp\/v2\/pages\/9340","targetHints":{"allow":["GET"]}}],"collection":[{"href":"https:\/\/biogas-hochreiter.de\/fr\/wp-json\/wp\/v2\/pages"}],"about":[{"href":"https:\/\/biogas-hochreiter.de\/fr\/wp-json\/wp\/v2\/types\/page"}],"author":[{"embeddable":true,"href":"https:\/\/biogas-hochreiter.de\/fr\/wp-json\/wp\/v2\/users\/5"}],"replies":[{"embeddable":true,"href":"https:\/\/biogas-hochreiter.de\/fr\/wp-json\/wp\/v2\/comments?post=9340"}],"version-history":[{"count":10,"href":"https:\/\/biogas-hochreiter.de\/fr\/wp-json\/wp\/v2\/pages\/9340\/revisions"}],"predecessor-version":[{"id":11588,"href":"https:\/\/biogas-hochreiter.de\/fr\/wp-json\/wp\/v2\/pages\/9340\/revisions\/11588"}],"wp:attachment":[{"href":"https:\/\/biogas-hochreiter.de\/fr\/wp-json\/wp\/v2\/media?parent=9340"}],"curies":[{"name":"wp","href":"https:\/\/api.w.org\/{rel}","templated":true}]}}